{"id":15,"date":"2009-05-07T12:45:32","date_gmt":"2009-05-07T10:45:32","guid":{"rendered":"http:\/\/lava.xz.lt\/?page_id=15"},"modified":"2012-05-28T04:19:04","modified_gmt":"2012-05-28T02:19:04","slug":"contact","status":"publish","type":"page","link":"https:\/\/www.luk.lt\/lt\/contact\/","title":{"rendered":"Susisiekite"},"content":{"rendered":"<p><strong>Luka Vaitkevi\u010dien\u0117<\/strong><br \/>\nIliustracijos ir grafinis dizainas<\/p>\n<p>El. pa\u0161tas <a href=\"mailto:luk@luk.lt\">luk@luk.lt<\/a>.<br \/>\nMelburnas, Australija.<\/p>","protected":false},"excerpt":{"rendered":"<p>Luka Vaitkevi\u010dien\u0117 Iliustracijos ir grafinis dizainas El. pa\u0161tas luk@luk.lt. Melburnas, Australija.<\/p>\n","protected":false},"author":1,"featured_media":0,"parent":0,"menu_order":6,"comment_status":"closed","ping_status":"open","template":"","meta":{"footnotes":""},"_links":{"self":[{"href":"https:\/\/www.luk.lt\/lt\/wp-json\/wp\/v2\/pages\/15"}],"collection":[{"href":"https:\/\/www.luk.lt\/lt\/wp-json\/wp\/v2\/pages"}],"about":[{"href":"https:\/\/www.luk.lt\/lt\/wp-json\/wp\/v2\/types\/page"}],"author":[{"embeddable":true,"href":"https:\/\/www.luk.lt\/lt\/wp-json\/wp\/v2\/users\/1"}],"replies":[{"embeddable":true,"href":"https:\/\/www.luk.lt\/lt\/wp-json\/wp\/v2\/comments?post=15"}],"version-history":[{"count":18,"href":"https:\/\/www.luk.lt\/lt\/wp-json\/wp\/v2\/pages\/15\/revisions"}],"predecessor-version":[{"id":1014,"href":"https:\/\/www.luk.lt\/lt\/wp-json\/wp\/v2\/pages\/15\/revisions\/1014"}],"wp:attachment":[{"href":"https:\/\/www.luk.lt\/lt\/wp-json\/wp\/v2\/media?parent=15"}],"curies":[{"name":"wp","href":"https:\/\/api.w.org\/{rel}","templated":true}]}}