{"id":6,"date":"2009-05-05T22:07:46","date_gmt":"2009-05-05T20:07:46","guid":{"rendered":"http:\/\/lava.xz.lt\/?page_id=6"},"modified":"2012-10-17T09:27:10","modified_gmt":"2012-10-17T07:27:10","slug":"gallery","status":"publish","type":"page","link":"https:\/\/www.luk.lt\/lt\/gallery\/","title":{"rendered":"Galerija"},"content":{"rendered":"<p>Pie\u0161iniai ir iliustracijos visokiom progom &#8211; draugams (atvirukai, pie\u0161inukai, \u017eod\u017eiu, kas ko nusipeln\u0117), darbams (u\u017e k\u0105 mok\u0117jo) ir \u0161iaip sau (kas liko&#8230;) Viskas prasid\u0117jo nuo vaikyst\u0117s. Pai\u0161iau m\u0117lynus arklius ir voveres balerinas laipiojan\u010dias kop\u0117\u010diom. Kai mokykloje skait\u0117m \u0160ekspyr\u0105 tur\u0117jau s\u0105siuvinio para\u0161t\u0117je nusipie\u0161us Romeo ir D\u017eiuljet\u0105 supl\u0117\u0161ytais d\u017einsais ir Hamlet\u0105 su daug auskar\u0173. Po mokyklos kur\u012f laik\u0105 teko pie\u0161t kvailas k\u0117des ir pan., bet manau, dabar apsistosiu ties \u017ev\u0117rimis ir kitais smagiais dalykais.<\/p>\n<p>[nggallery id=1]<\/p>","protected":false},"excerpt":{"rendered":"<p>Pie\u0161iniai ir iliustracijos visokiom progom &#8211; draugams (atvirukai, pie\u0161inukai, \u017eod\u017eiu, kas ko nusipeln\u0117), darbams (u\u017e k\u0105 mok\u0117jo) ir \u0161iaip sau (kas liko&#8230;) Viskas prasid\u0117jo nuo vaikyst\u0117s. Pai\u0161iau m\u0117lynus arklius ir voveres balerinas laipiojan\u010dias kop\u0117\u010diom. Kai mokykloje skait\u0117m \u0160ekspyr\u0105 tur\u0117jau s\u0105siuvinio para\u0161t\u0117je nusipie\u0161us Romeo ir D\u017eiuljet\u0105 supl\u0117\u0161ytais d\u017einsais ir Hamlet\u0105 su daug auskar\u0173. Po mokyklos kur\u012f &hellip; <a href=\"https:\/\/www.luk.lt\/lt\/gallery\/\" class=\"more-link\">Skaityti toliau: <span class=\"screen-reader-text\">Galerija<\/span><\/a><\/p>\n","protected":false},"author":1,"featured_media":0,"parent":0,"menu_order":0,"comment_status":"closed","ping_status":"closed","template":"","meta":{"footnotes":""},"_links":{"self":[{"href":"https:\/\/www.luk.lt\/lt\/wp-json\/wp\/v2\/pages\/6"}],"collection":[{"href":"https:\/\/www.luk.lt\/lt\/wp-json\/wp\/v2\/pages"}],"about":[{"href":"https:\/\/www.luk.lt\/lt\/wp-json\/wp\/v2\/types\/page"}],"author":[{"embeddable":true,"href":"https:\/\/www.luk.lt\/lt\/wp-json\/wp\/v2\/users\/1"}],"replies":[{"embeddable":true,"href":"https:\/\/www.luk.lt\/lt\/wp-json\/wp\/v2\/comments?post=6"}],"version-history":[{"count":29,"href":"https:\/\/www.luk.lt\/lt\/wp-json\/wp\/v2\/pages\/6\/revisions"}],"predecessor-version":[{"id":1132,"href":"https:\/\/www.luk.lt\/lt\/wp-json\/wp\/v2\/pages\/6\/revisions\/1132"}],"wp:attachment":[{"href":"https:\/\/www.luk.lt\/lt\/wp-json\/wp\/v2\/media?parent=6"}],"curies":[{"name":"wp","href":"https:\/\/api.w.org\/{rel}","templated":true}]}}